{"id":1086,"date":"2017-01-04T20:37:58","date_gmt":"2017-01-04T20:37:58","guid":{"rendered":"http:\/\/connectiweb.com\/compliance\/?page_id=1086"},"modified":"2022-01-15T21:19:41","modified_gmt":"2022-01-15T21:19:41","slug":"produits","status":"publish","type":"page","link":"https:\/\/www.compliance-technologies.com\/en\/produits","title":{"rendered":"Produits"},"content":{"rendered":"<h1>ComplyIT<\/h1>\r\n<p style=\"text-align: left;\"><img loading=\"lazy\" decoding=\"async\" class=\"wp-image-1089 alignright\" src=\"http:\/\/connectiweb.com\/compliance\/wp-content\/uploads\/ComplyIt.bmp\" alt=\"\" width=\"351\" height=\"161\" \/>Nous d\u00e9veloppons le logiciel <b>ComplyIT<\/b> pour aider \u00e0 d\u00e9finir, formaliser et outiller le processus de r\u00e9daction de documents d&#8217;expression de besoins, de sp\u00e9cification et de validation. <b>ComplyIT<\/b> propose des mod\u00e8les de documents contenant des macros Word\/Excel afin d&#8217;aider les r\u00e9dacteurs \u00e0 marquer et caract\u00e9riser les exigences et produire des listes d&#8217;exigences sous Excel afin de g\u00e9rer les exigences et d&#8217;\u00e9laborer des matrices de conformit\u00e9.<\/p>\r\nN&#8217;h\u00e9sitez pas \u00e0 nous <a href=\"mailto:contact@compliance-technologies.com\">consulter<\/a> pour plus d&#8217;informations sur <a href=\"http:\/\/connectiweb.com\/compliance\/wp-content\/uploads\/DS-CIT-FR.pdf\"><b>ComplyIT<\/b><\/a> ou pour b\u00e9n\u00e9ficier d&#8217;une version d&#8217;\u00e9valuation.","protected":false},"excerpt":{"rendered":"<p>ComplyIT Nous d\u00e9veloppons le logiciel ComplyIT pour aider \u00e0 d\u00e9finir, formaliser et outiller le processus de r\u00e9daction de documents d&#8217;expression de besoins, de sp\u00e9cification et de validation. ComplyIT propose des mod\u00e8les de documents contenant des macros Word\/Excel afin d&#8217;aider les r\u00e9dacteurs \u00e0 marquer et caract\u00e9riser les exigences et produire des listes d&#8217;exigences sous Excel afin [&hellip;]<\/p>\n","protected":false},"author":2,"featured_media":0,"parent":0,"menu_order":0,"comment_status":"closed","ping_status":"closed","template":"","meta":{"_exactmetrics_skip_tracking":false,"_exactmetrics_sitenote_active":false,"_exactmetrics_sitenote_note":"","_exactmetrics_sitenote_category":0,"footnotes":""},"_links":{"self":[{"href":"https:\/\/www.compliance-technologies.com\/en\/wp-json\/wp\/v2\/pages\/1086"}],"collection":[{"href":"https:\/\/www.compliance-technologies.com\/en\/wp-json\/wp\/v2\/pages"}],"about":[{"href":"https:\/\/www.compliance-technologies.com\/en\/wp-json\/wp\/v2\/types\/page"}],"author":[{"embeddable":true,"href":"https:\/\/www.compliance-technologies.com\/en\/wp-json\/wp\/v2\/users\/2"}],"replies":[{"embeddable":true,"href":"https:\/\/www.compliance-technologies.com\/en\/wp-json\/wp\/v2\/comments?post=1086"}],"version-history":[{"count":11,"href":"https:\/\/www.compliance-technologies.com\/en\/wp-json\/wp\/v2\/pages\/1086\/revisions"}],"predecessor-version":[{"id":1379,"href":"https:\/\/www.compliance-technologies.com\/en\/wp-json\/wp\/v2\/pages\/1086\/revisions\/1379"}],"wp:attachment":[{"href":"https:\/\/www.compliance-technologies.com\/en\/wp-json\/wp\/v2\/media?parent=1086"}],"curies":[{"name":"wp","href":"https:\/\/api.w.org\/{rel}","templated":true}]}}